{"id":335,"date":"2023-12-12T12:26:41","date_gmt":"2023-12-12T11:26:41","guid":{"rendered":"https:\/\/www.teamfullness.com\/events\/"},"modified":"2026-02-24T14:26:44","modified_gmt":"2026-02-24T13:26:44","slug":"evenements","status":"publish","type":"page","link":"https:\/\/www.teamfullness.com\/fr\/evenements\/","title":{"rendered":"\u00c9v\u00e9nements"},"content":{"rendered":"","protected":false},"excerpt":{"rendered":"","protected":false},"author":1,"featured_media":195,"parent":0,"menu_order":1,"comment_status":"closed","ping_status":"closed","template":"","meta":{"footnotes":""},"class_list":["post-335","page","type-page","status-publish","has-post-thumbnail","hentry"],"acf":[],"yoast_head":"<!-- This site is optimized with the Yoast SEO plugin v21.7 - https:\/\/yoast.com\/wordpress\/plugins\/seo\/ -->\n<title>\u00c9v\u00e9nements - Teamfullness<\/title>\n<meta name=\"description\" content=\"D\u00e9couvrez les futurs \u00e9v\u00e9nements, conf\u00e9rences et ateliers Teamfullness,...\" \/>\n<meta name=\"robots\" content=\"index, follow, max-snippet:-1, max-image-preview:large, max-video-preview:-1\" \/>\n<link rel=\"canonical\" href=\"https:\/\/www.teamfullness.com\/fr\/evenements\/\" \/>\n<meta property=\"og:locale\" content=\"fr_FR\" \/>\n<meta property=\"og:type\" content=\"article\" \/>\n<meta property=\"og:title\" content=\"\u00c9v\u00e9nements - Teamfullness\" \/>\n<meta property=\"og:description\" content=\"D\u00e9couvrez les futurs \u00e9v\u00e9nements, conf\u00e9rences et ateliers Teamfullness,...\" \/>\n<meta property=\"og:url\" content=\"https:\/\/www.teamfullness.com\/fr\/evenements\/\" \/>\n<meta property=\"og:site_name\" content=\"Teamfullness\" \/>\n<meta property=\"article:publisher\" content=\"https:\/\/www.facebook.com\/teamfullness\" \/>\n<meta property=\"article:modified_time\" content=\"2026-02-24T13:26:44+00:00\" \/>\n<meta property=\"og:image\" content=\"https:\/\/www.teamfullness.com\/wp-content\/uploads\/2023\/12\/teamfullness-upcoming-events.jpg\" \/>\n\t<meta property=\"og:image:width\" content=\"940\" \/>\n\t<meta property=\"og:image:height\" content=\"1200\" \/>\n\t<meta property=\"og:image:type\" content=\"image\/jpeg\" \/>\n<meta name=\"twitter:card\" content=\"summary_large_image\" \/>\n<meta name=\"twitter:label1\" content=\"Dur\u00e9e de lecture estim\u00e9e\" \/>\n\t<meta name=\"twitter:data1\" content=\"1 minute\" \/>\n<script type=\"application\/ld+json\" class=\"yoast-schema-graph\">{\"@context\":\"https:\/\/schema.org\",\"@graph\":[{\"@type\":\"WebPage\",\"@id\":\"https:\/\/www.teamfullness.com\/fr\/evenements\/\",\"url\":\"https:\/\/www.teamfullness.com\/fr\/evenements\/\",\"name\":\"\u00c9v\u00e9nements - Teamfullness\",\"isPartOf\":{\"@id\":\"https:\/\/www.teamfullness.com\/fr\/#website\"},\"datePublished\":\"2023-12-12T11:26:41+00:00\",\"dateModified\":\"2026-02-24T13:26:44+00:00\",\"description\":\"D\u00e9couvrez les futurs \u00e9v\u00e9nements, conf\u00e9rences et ateliers Teamfullness,...\",\"breadcrumb\":{\"@id\":\"https:\/\/www.teamfullness.com\/fr\/evenements\/#breadcrumb\"},\"inLanguage\":\"fr-FR\",\"potentialAction\":[{\"@type\":\"ReadAction\",\"target\":[\"https:\/\/www.teamfullness.com\/fr\/evenements\/\"]}]},{\"@type\":\"BreadcrumbList\",\"@id\":\"https:\/\/www.teamfullness.com\/fr\/evenements\/#breadcrumb\",\"itemListElement\":[{\"@type\":\"ListItem\",\"position\":1,\"name\":\"Home\",\"item\":\"https:\/\/www.teamfullness.com\/fr\/\"},{\"@type\":\"ListItem\",\"position\":2,\"name\":\"\u00c9v\u00e9nements\"}]},{\"@type\":\"WebSite\",\"@id\":\"https:\/\/www.teamfullness.com\/fr\/#website\",\"url\":\"https:\/\/www.teamfullness.com\/fr\/\",\"name\":\"Teamfullness\",\"description\":\"Revealing people&#039;s genuineness.\",\"publisher\":{\"@id\":\"https:\/\/www.teamfullness.com\/fr\/#organization\"},\"potentialAction\":[{\"@type\":\"SearchAction\",\"target\":{\"@type\":\"EntryPoint\",\"urlTemplate\":\"https:\/\/www.teamfullness.com\/fr\/?s={search_term_string}\"},\"query-input\":\"required name=search_term_string\"}],\"inLanguage\":\"fr-FR\"},{\"@type\":\"Organization\",\"@id\":\"https:\/\/www.teamfullness.com\/fr\/#organization\",\"name\":\"Teamfullness\",\"url\":\"https:\/\/www.teamfullness.com\/fr\/\",\"logo\":{\"@type\":\"ImageObject\",\"inLanguage\":\"fr-FR\",\"@id\":\"https:\/\/www.teamfullness.com\/fr\/#\/schema\/logo\/image\/\",\"url\":\"https:\/\/www.teamfullness.com\/wp-content\/uploads\/2023\/12\/logo-teamfullness.jpg\",\"contentUrl\":\"https:\/\/www.teamfullness.com\/wp-content\/uploads\/2023\/12\/logo-teamfullness.jpg\",\"width\":696,\"height\":696,\"caption\":\"Teamfullness\"},\"image\":{\"@id\":\"https:\/\/www.teamfullness.com\/fr\/#\/schema\/logo\/image\/\"},\"sameAs\":[\"https:\/\/www.facebook.com\/teamfullness\",\"https:\/\/www.instagram.com\/teamfullness\",\"https:\/\/www.linkedin.com\/company\/teamfullness\"]}]}<\/script>\n<!-- \/ Yoast SEO plugin. -->","yoast_head_json":{"title":"\u00c9v\u00e9nements - Teamfullness","description":"D\u00e9couvrez les futurs \u00e9v\u00e9nements, conf\u00e9rences et ateliers Teamfullness,...","robots":{"index":"index","follow":"follow","max-snippet":"max-snippet:-1","max-image-preview":"max-image-preview:large","max-video-preview":"max-video-preview:-1"},"canonical":"https:\/\/www.teamfullness.com\/fr\/evenements\/","og_locale":"fr_FR","og_type":"article","og_title":"\u00c9v\u00e9nements - Teamfullness","og_description":"D\u00e9couvrez les futurs \u00e9v\u00e9nements, conf\u00e9rences et ateliers Teamfullness,...","og_url":"https:\/\/www.teamfullness.com\/fr\/evenements\/","og_site_name":"Teamfullness","article_publisher":"https:\/\/www.facebook.com\/teamfullness","article_modified_time":"2026-02-24T13:26:44+00:00","og_image":[{"width":940,"height":1200,"url":"https:\/\/www.teamfullness.com\/wp-content\/uploads\/2023\/12\/teamfullness-upcoming-events.jpg","type":"image\/jpeg"}],"twitter_card":"summary_large_image","twitter_misc":{"Dur\u00e9e de lecture estim\u00e9e":"1 minute"},"schema":{"@context":"https:\/\/schema.org","@graph":[{"@type":"WebPage","@id":"https:\/\/www.teamfullness.com\/fr\/evenements\/","url":"https:\/\/www.teamfullness.com\/fr\/evenements\/","name":"\u00c9v\u00e9nements - Teamfullness","isPartOf":{"@id":"https:\/\/www.teamfullness.com\/fr\/#website"},"datePublished":"2023-12-12T11:26:41+00:00","dateModified":"2026-02-24T13:26:44+00:00","description":"D\u00e9couvrez les futurs \u00e9v\u00e9nements, conf\u00e9rences et ateliers Teamfullness,...","breadcrumb":{"@id":"https:\/\/www.teamfullness.com\/fr\/evenements\/#breadcrumb"},"inLanguage":"fr-FR","potentialAction":[{"@type":"ReadAction","target":["https:\/\/www.teamfullness.com\/fr\/evenements\/"]}]},{"@type":"BreadcrumbList","@id":"https:\/\/www.teamfullness.com\/fr\/evenements\/#breadcrumb","itemListElement":[{"@type":"ListItem","position":1,"name":"Home","item":"https:\/\/www.teamfullness.com\/fr\/"},{"@type":"ListItem","position":2,"name":"\u00c9v\u00e9nements"}]},{"@type":"WebSite","@id":"https:\/\/www.teamfullness.com\/fr\/#website","url":"https:\/\/www.teamfullness.com\/fr\/","name":"Teamfullness","description":"Revealing people&#039;s genuineness.","publisher":{"@id":"https:\/\/www.teamfullness.com\/fr\/#organization"},"potentialAction":[{"@type":"SearchAction","target":{"@type":"EntryPoint","urlTemplate":"https:\/\/www.teamfullness.com\/fr\/?s={search_term_string}"},"query-input":"required name=search_term_string"}],"inLanguage":"fr-FR"},{"@type":"Organization","@id":"https:\/\/www.teamfullness.com\/fr\/#organization","name":"Teamfullness","url":"https:\/\/www.teamfullness.com\/fr\/","logo":{"@type":"ImageObject","inLanguage":"fr-FR","@id":"https:\/\/www.teamfullness.com\/fr\/#\/schema\/logo\/image\/","url":"https:\/\/www.teamfullness.com\/wp-content\/uploads\/2023\/12\/logo-teamfullness.jpg","contentUrl":"https:\/\/www.teamfullness.com\/wp-content\/uploads\/2023\/12\/logo-teamfullness.jpg","width":696,"height":696,"caption":"Teamfullness"},"image":{"@id":"https:\/\/www.teamfullness.com\/fr\/#\/schema\/logo\/image\/"},"sameAs":["https:\/\/www.facebook.com\/teamfullness","https:\/\/www.instagram.com\/teamfullness","https:\/\/www.linkedin.com\/company\/teamfullness"]}]}},"_links":{"self":[{"href":"https:\/\/www.teamfullness.com\/fr\/wp-json\/wp\/v2\/pages\/335","targetHints":{"allow":["GET"]}}],"collection":[{"href":"https:\/\/www.teamfullness.com\/fr\/wp-json\/wp\/v2\/pages"}],"about":[{"href":"https:\/\/www.teamfullness.com\/fr\/wp-json\/wp\/v2\/types\/page"}],"author":[{"embeddable":true,"href":"https:\/\/www.teamfullness.com\/fr\/wp-json\/wp\/v2\/users\/1"}],"replies":[{"embeddable":true,"href":"https:\/\/www.teamfullness.com\/fr\/wp-json\/wp\/v2\/comments?post=335"}],"version-history":[{"count":26,"href":"https:\/\/www.teamfullness.com\/fr\/wp-json\/wp\/v2\/pages\/335\/revisions"}],"predecessor-version":[{"id":640,"href":"https:\/\/www.teamfullness.com\/fr\/wp-json\/wp\/v2\/pages\/335\/revisions\/640"}],"wp:featuredmedia":[{"embeddable":true,"href":"https:\/\/www.teamfullness.com\/fr\/wp-json\/wp\/v2\/media\/195"}],"wp:attachment":[{"href":"https:\/\/www.teamfullness.com\/fr\/wp-json\/wp\/v2\/media?parent=335"}],"curies":[{"name":"wp","href":"https:\/\/api.w.org\/{rel}","templated":true}]}}